{"id":6572,"date":"2023-03-10T16:17:32","date_gmt":"2023-03-10T15:17:32","guid":{"rendered":"https:\/\/www.desertsensation.com\/politique-de-confidentialite-2\/"},"modified":"2023-07-06T22:34:08","modified_gmt":"2023-07-06T20:34:08","slug":"politique-de-confidentialite-2","status":"publish","type":"page","link":"https:\/\/www.desertsensation.com\/fr\/politique-de-confidentialite-2\/","title":{"rendered":"Politique de confidentialit\u00e9"},"content":{"rendered":"\n<p><strong>Toutes les donn\u00e9es relatives aux cartes de cr\u00e9dit\/d\u00e9bit et les informations personnelles identifiables ne seront PAS vendues, partag\u00e9es, lou\u00e9es ou c\u00e9d\u00e9es \u00e0 des tiers.<\/strong><\/p>\n\n<p>Desert Sensation s&rsquo;engage \u00e0 respecter votre vie priv\u00e9e et \u00e0 prot\u00e9ger vos informations personnelles. Nous reconnaissons notre obligation de pr\u00e9server la s\u00e9curit\u00e9 des informations sensibles et avons cr\u00e9\u00e9 cette d\u00e9claration de confidentialit\u00e9 et de s\u00e9curit\u00e9 afin de partager et d&rsquo;expliquer les pratiques actuelles de gestion des informations sur notre site web, \u00ab\u00a0D\u00e9sert Sensation\u00a0\u00bb.<\/p>\n\n<p>Le traitement de toutes les informations personnelles par Desert Sensation est r\u00e9gi par les lois de l&rsquo;\u00c9mirat de Duba\u00ef et les lois f\u00e9d\u00e9rales applicables des \u00c9mirats arabes unis. Nous nous engageons \u00e0 prot\u00e9ger votre vie priv\u00e9e, que vous recherchiez des informations ou que vous fassiez des affaires avec le gouvernement par voie \u00e9lectronique.<\/p>\n\n<h2 class=\"wp-block-heading\">Collecte et utilisation des informations en ligne<\/h2>\n\n<p>Lorsque vous visitez notre site web, nous ne collectons pas vos informations personnelles, sauf si vous choisissez d&rsquo;utiliser et de recevoir des produits et services en ligne qui le requi\u00e8rent. Nous devons collecter vos informations personnelles en cas de r\u00e9servation ou lorsque vous utilisez un formulaire de contact sur le site web.<\/p>\n\n<h2 class=\"wp-block-heading\">Collecte d&rsquo;adresses IP<\/h2>\n\n<p>Notre serveur web collecte automatiquement votre adresse IP lorsque vous visitez notre site (votre adresse IP est l&rsquo;adresse unique de votre ordinateur qui permet aux autres ordinateurs connect\u00e9s \u00e0 Internet de savoir o\u00f9 envoyer les donn\u00e9es, mais ne vous identifie pas individuellement). Nous utilisons votre adresse IP pour nous aider \u00e0 diagnostiquer les probl\u00e8mes avec notre serveur et pour compiler des statistiques sur l&rsquo;utilisation du site.<\/p>\n\n<h2 class=\"wp-block-heading\">Utilisation des cookies<\/h2>\n\n<p>Ce site utilise des cookies. Les cookies sont g\u00e9n\u00e9ralement utilis\u00e9s pour faciliter la navigation des utilisateurs sur notre site web. Si vous le souhaitez, ils peuvent \u00eatre utilis\u00e9s pour \u00ab\u00a0m\u00e9moriser\u00a0\u00bb votre mot de passe et faciliter et acc\u00e9l\u00e9rer la connexion \u00e0 certains sites. Ces types de cookies doivent \u00eatre stock\u00e9s sur le disque dur de votre ordinateur. <\/p>\n\n<h2 class=\"wp-block-heading\">Protection des donn\u00e9es personnelles<\/h2>\n\n<p>Vos informations personnelles ne sont accessibles qu&rsquo;aux employ\u00e9s et prestataires de services de D\u00e9sert Sensation qui ont besoin de les conna\u00eetre. Il ne sera pas mis \u00e0 la disposition du public sans votre consentement. En outre, aucune information sur les utilisateurs du site ne sera partag\u00e9e, vendue ou transf\u00e9r\u00e9e \u00e0 une tierce partie sans votre consentement pr\u00e9alable. L&rsquo;acc\u00e8s n&rsquo;est accord\u00e9 qu&rsquo;aux professionnels qualifi\u00e9s qui fournissent \u00e0 D\u00e9sert Sensation des services correspondant \u00e0 vos interactions sur notre site.<\/p>\n\n<h2 class=\"wp-block-heading\">Droit d&rsquo;examiner, de modifier ou de corriger les informations personnelles<\/h2>\n\n<p>Tout utilisateur qui nous fournit ses informations personnelles a le droit de les examiner, de les modifier ou de les corriger Vous pouvez demander \u00e0 modifier vos informations personnelles en envoyant un courriel \u00e0 contact@desertsensation.com.<\/p>\n\n<h2 class=\"wp-block-heading\">Autres sites internet<\/h2>\n\n<p>Cette politique de confidentialit\u00e9 ne s&rsquo;applique qu&rsquo;au site. Lorsque vous acc\u00e9dez \u00e0 un autre site web par l&rsquo;interm\u00e9diaire de https:\/\/www.desertsensation.com, vous devez lire la politique de confidentialit\u00e9 de ce site pour conna\u00eetre les pratiques qui y sont adopt\u00e9es.<\/p>\n\n<h2 class=\"wp-block-heading\">Note importante<\/h2>\n\n<p>Notre site web peut fournir des liens vers d&rsquo;autres sites cr\u00e9\u00e9s et maintenus par d&rsquo;autres organisations du secteur public et\/ou priv\u00e9. Nous fournissons ces liens uniquement pour votre information et votre commodit\u00e9. Lorsque vous utilisez un lien fourni pour acc\u00e9der \u00e0 un autre site web, vous quittez le site et nos politiques de gestion de l&rsquo;information ne s&rsquo;appliquent plus.<\/p>\n","protected":false},"excerpt":{"rendered":"<p>Toutes les donn\u00e9es relatives aux cartes de cr\u00e9dit\/d\u00e9bit et les informations personnelles identifiables ne seront PAS vendues, partag\u00e9es, lou\u00e9es ou c\u00e9d\u00e9es \u00e0 des tiers. Desert Sensation s&rsquo;engage \u00e0 respecter votre vie priv\u00e9e et \u00e0 prot\u00e9ger vos informations personnelles. Nous reconnaissons notre obligation de pr\u00e9server la s\u00e9curit\u00e9 des informations sensibles et avons cr\u00e9\u00e9 cette d\u00e9claration de [&hellip;]<\/p>\n","protected":false},"author":2,"featured_media":0,"parent":0,"menu_order":0,"comment_status":"closed","ping_status":"closed","template":"","meta":{"_acf_changed":false,"inline_featured_image":false,"footnotes":""},"acf":[],"_links":{"self":[{"href":"https:\/\/www.desertsensation.com\/fr\/wp-json\/wp\/v2\/pages\/6572"}],"collection":[{"href":"https:\/\/www.desertsensation.com\/fr\/wp-json\/wp\/v2\/pages"}],"about":[{"href":"https:\/\/www.desertsensation.com\/fr\/wp-json\/wp\/v2\/types\/page"}],"author":[{"embeddable":true,"href":"https:\/\/www.desertsensation.com\/fr\/wp-json\/wp\/v2\/users\/2"}],"replies":[{"embeddable":true,"href":"https:\/\/www.desertsensation.com\/fr\/wp-json\/wp\/v2\/comments?post=6572"}],"version-history":[{"count":1,"href":"https:\/\/www.desertsensation.com\/fr\/wp-json\/wp\/v2\/pages\/6572\/revisions"}],"predecessor-version":[{"id":6573,"href":"https:\/\/www.desertsensation.com\/fr\/wp-json\/wp\/v2\/pages\/6572\/revisions\/6573"}],"wp:attachment":[{"href":"https:\/\/www.desertsensation.com\/fr\/wp-json\/wp\/v2\/media?parent=6572"}],"curies":[{"name":"wp","href":"https:\/\/api.w.org\/{rel}","templated":true}]}}